{"id":643,"date":"2018-03-12T18:39:49","date_gmt":"2018-03-12T18:39:49","guid":{"rendered":"https:\/\/wsoornbau.wordpress.com\/?page_id=3"},"modified":"2024-04-08T13:46:49","modified_gmt":"2024-04-08T13:46:49","slug":"kontakt","status":"publish","type":"page","link":"https:\/\/wso-ornbau.de\/?page_id=643","title":{"rendered":"Kontakt &#038; Impressum"},"content":{"rendered":"<div class=\"n module-type-text diyfeLiveArea \">&nbsp;<\/div>\n<div class=\"n module-type-text diyfeLiveArea \">\n<h3>Mitgliedsantrag<\/h3>\n<p>Mitglied werden ist ganz einfach &#8211; wer entschlossen ist, sich unserem Verein anzuschlie\u00dfen kann den Mitgliedsantrag downloaden und ausgef\u00fcllt als Foto oder als PDF per Mail zur\u00fccksenden. Ganz traditionell auf dem Postweg geht auch.<\/p>\n<\/div>\n<div class=\"n module-type-downloadDocument diyfeLiveArea \">\n<div class=\"clearover\">\n<div><a href=\"https:\/\/wso-ornbau.de\/wp-content\/uploads\/2022\/02\/WSO-Aufnahmeantrag_2022.pdf\">WSO-Aufnahmeantrag<\/a><\/div>\n<\/div>\n<\/div>\n<hr>\n<h3>Kontakt<\/h3>\n<p>siehe Impressum<\/p>\n<hr>\n<header class=\"entry-header\">\n<h3 class=\"entry-title\">Impressum<\/h3>\n<\/header>\n<div class=\"entry-content\">\n<p><strong>Herausgeber<\/strong><\/p>\n<p>Wassersport Ornbau e.V.<br \/>\nBischof-Zottmann-Strasse 20<br \/>\n91737 Ornbau<\/p>\n<p>Telefon: 09826\/621818<\/p>\n<p>E-Mail: info@wso-ornbau.de<\/p>\n<p>Registergericht: Amtsgericht Ansbach<\/p>\n<p>Registernummer: VR 995<\/p>\n<p><strong>Vertreten durch:<br \/>\n<\/strong>Stefan L\u00e4rtz (Vorstand)<br \/>\nBischof-Zottmann-Stra\u00dfe 20<br \/>\n91737 Ornbau<br \/>\nTelefon: 09826\/621818<br \/>\nE-Mail: vorstand.wso@gmail.com<\/p>\n<p><strong>Verantwortlich f\u00fcr den Inhalt:<\/strong><br \/>\nStefan L\u00e4rtz (Vorstand)<br \/>\nBischof-Zottmann-Stra\u00dfe 20<br \/>\n91737 Ornbau<br \/>\nTelefon: 09826\/621818<br \/>\nE-Mail: vorstand.wso@gmail.com<\/p>\n<p>Namentlich gekennzeichnete Internetseiten geben die Auffassungen und Erkenntnisse der genannten Personen wieder.<\/p>\n<p><strong>Nutzungsbedingungen und Hinweise zum Urheberrecht:<\/strong><br \/>\nTexte, Bilder, Grafiken sowie die Gestaltung dieser Internetseiten unterliegen dem Urheberrecht. Sie d\u00fcrfen von Ihnen nur zum privaten und sonstigen eigenen Gebrauch im Rahmen des \u00a7 53 Urheberrechtsgesetz (UrhG) verwendet werden. Eine Vervielf\u00e4ltigung oder Verwendung dieser Seiten oder Teilen davon in anderen elektronischen oder gedruckten Publikationen und deren Ver\u00f6ffentlichung ist nur mit unserer Einwilligung gestattet. Diese erteilen auf Anfrage die f\u00fcr den Inhalt Verantwortlichen. Weiterhin k\u00f6nnen Texte, Bilder, Grafiken und sonstige Dateien ganz oder teilweise dem Urheberrecht Dritter unterliegen. Auch \u00fcber das Bestehen m\u00f6glicher Rechte Dritter geben Ihnen die f\u00fcr den Inhalt Verantwortlichen n\u00e4here Ausk\u00fcnfte.<\/p>\n<p>Die Verwendung des WSO-Wappens ist nur nach vorheriger Erteilung einer schriftlichen Erlaubnis zul\u00e4ssig.<\/p>\n<p>Der Nachdruck und die Auswertung von Pressemitteilungen und Reden sind mit Quellenangabe allgemein gestattet.<\/p>\n<p><strong>Fotonachweis, Kartengrundlagen, Bildrechte<\/strong><br \/>\nFotonachweise:<br \/>\nAlle Bilder dieser Internetpr\u00e4senz sind (soweit nicht anders vermerkt) Eigentum des Betreibers.<\/p>\n<p>Kartengrundlagen:<br \/>\nGeobasisdaten der Bay. Vermessungsverwaltung, GoogleMaps sowie die auf einzelnen kartographischen Darstellungen genannten Kartengrundlagen.<\/p>\n<p>Bildrechte:<br \/>\nNach \u00a7 22 Abs. 1 des Kunsturhebergesetzes (KUG) \u201ed\u00fcrfen Bildnisse nur mit Einwilligung der abgebildeten Person verbreitet oder \u00f6ffentlich zur Schau erstellt werden\u201c. Die auf unseren Internetseiten abgebildeten Personen haben ihr Einverst\u00e4ndnis gegeben.<\/p>\n<p>Die Bildrechte wurden sorgf\u00e4ltig recherchiert. Sollten Sie trotzdem ein Bildrecht verletzt sehen oder wenn Sie die Entfernung des ver\u00f6ffentlichten Fotos w\u00fcnschen (Widerruf der Einwilligung), bitten wir Sie, sich unmittelbar mit der Pressestelle des Landratsamtes in Verbindung zu setzen. Bitte beschreiben Sie das Bild genau und geben an, auf welcher Seite es sich befindet. Wenn Sie widerrufen, werden wir das Bild oder die Bilder unverz\u00fcglich l\u00f6schen und zuk\u00fcnftig nicht mehr verwenden (Mitteilung bitte an datenschutz@wso-ornbau.de).<\/p>\n<p><strong>Haftungsausschluss:<\/strong><br \/>\nHaftung f\u00fcr Inhalte<\/p>\n<p>Alle auf dieser Internetseite bereitgestellten Informationen haben wir nach bestem Wissen und Gewissen erarbeitet und gepr\u00fcft. Eine Gew\u00e4hr f\u00fcr die jederzeitige Aktualit\u00e4t, Richtigkeit, Vollst\u00e4ndigkeit und Verf\u00fcgbarkeit der bereit gestellten Informationen k\u00f6nnen wir allerdings nicht \u00fcbernehmen. Ein Vertragsverh\u00e4ltnis mit den Nutzern des Internetangebots kommt nicht zustande.<\/p>\n<p>Wir haften nicht f\u00fcr Sch\u00e4den, die durch die Nutzung dieses Internetangebots entstehen. Dieser Haftungsausschluss gilt nicht, soweit die Vorschriften des \u00a7 839 BGB (Haftung bei Amtspflichtverletzung) einschl\u00e4gig sind. F\u00fcr etwaige Sch\u00e4den, die beim Aufrufen oder Herunterladen von Daten durch Schadsoftware oder der Installation oder Nutzung von Software verursacht werden, wird nicht gehaftet.<\/p>\n<p>Falls im Einzelfall erforderlich: Der Haftungsausschluss gilt nicht f\u00fcr Informationen, die in den Anwendungsbereich der Europ\u00e4ischen Dienstleistungsrichtlinie (Richtlinie 2006\/123\/EG \u2013 DLRL) fallen. F\u00fcr diese Informationen wird die Richtigkeit und Aktualit\u00e4t gew\u00e4hrleistet.<\/p>\n<p><strong>Haftung f\u00fcr Links:<br \/>\n<\/strong>Von unseren eigenen Inhalten sind Querverweise (\u201eLinks\u201c) auf die Webseiten anderer Anbieter zu unterscheiden. Durch diese Links erm\u00f6glichen wir lediglich den Zugang zur Nutzung fremder Inhalte nach \u00a7 8 Telemediengesetz. Bei der erstmaligen Verkn\u00fcpfung mit diesen Internetangeboten haben wir diese fremden Inhalte daraufhin \u00fcberpr\u00fcft, ob durch sie eine m\u00f6gliche zivilrechtliche oder strafrechtliche Verantwortlichkeit ausgel\u00f6st wird. Wir k\u00f6nnen diese fremden Inhalte aber nicht st\u00e4ndig auf Ver\u00e4nderungen \u00fcberpr\u00fcfen und daher auch keine Verantwortung daf\u00fcr \u00fcbernehmen. F\u00fcr illegale, fehlerhafte oder unvollst\u00e4ndige Inhalte und insbesondere f\u00fcr Sch\u00e4den, die aus der Nutzung oder Nichtnutzung von Informationen Dritter entstehen, haftet allein der jeweilige Anbieter der Seite.<\/p>\n<p>Hinweis zur Verwendung weiblicher und m\u00e4nnlicher Formulierungen<br \/>\nAus Gr\u00fcnden der leichteren Lesbarkeit und der Nutzerfreundlichkeit verzichten wir auf die gleichzeitige Verwendung der m\u00e4nnlichen und weiblichen Personenbezeichnung. Die Verwendung der m\u00e4nnlichen Form schlie\u00dft die weibliche Form mit ein.<\/p>\n<\/div>\n","protected":false},"excerpt":{"rendered":"<p>&nbsp; Mitgliedsantrag Mitglied werden ist ganz einfach &#8211; wer entschlossen ist, sich unserem Verein anzuschlie\u00dfen kann den Mitgliedsantrag downloaden und ausgef\u00fcllt als Foto oder als PDF per Mail zur\u00fccksenden. Ganz traditionell auf dem Postweg geht auch. WSO-Aufnahmeantrag Kontakt siehe Impressum Impressum Herausgeber Wassersport Ornbau e.V. Bischof-Zottmann-Strasse 20 91737 Ornbau Telefon: 09826\/621818 E-Mail: info@wso-ornbau.de Registergericht: Amtsgericht &hellip; <a href=\"https:\/\/wso-ornbau.de\/?page_id=643\" class=\"more-link\"><span class=\"screen-reader-text\">Kontakt &#038; Impressum<\/span> weiterlesen <span class=\"meta-nav\">&rarr;<\/span><\/a><\/p>\n","protected":false},"author":1,"featured_media":0,"parent":106,"menu_order":2,"comment_status":"closed","ping_status":"closed","template":"","meta":{"ngg_post_thumbnail":0,"footnotes":""},"class_list":["post-643","page","type-page","status-publish","hentry"],"_links":{"self":[{"href":"https:\/\/wso-ornbau.de\/index.php?rest_route=\/wp\/v2\/pages\/643","targetHints":{"allow":["GET"]}}],"collection":[{"href":"https:\/\/wso-ornbau.de\/index.php?rest_route=\/wp\/v2\/pages"}],"about":[{"href":"https:\/\/wso-ornbau.de\/index.php?rest_route=\/wp\/v2\/types\/page"}],"author":[{"embeddable":true,"href":"https:\/\/wso-ornbau.de\/index.php?rest_route=\/wp\/v2\/users\/1"}],"replies":[{"embeddable":true,"href":"https:\/\/wso-ornbau.de\/index.php?rest_route=%2Fwp%2Fv2%2Fcomments&post=643"}],"version-history":[{"count":8,"href":"https:\/\/wso-ornbau.de\/index.php?rest_route=\/wp\/v2\/pages\/643\/revisions"}],"predecessor-version":[{"id":1947,"href":"https:\/\/wso-ornbau.de\/index.php?rest_route=\/wp\/v2\/pages\/643\/revisions\/1947"}],"up":[{"embeddable":true,"href":"https:\/\/wso-ornbau.de\/index.php?rest_route=\/wp\/v2\/pages\/106"}],"wp:attachment":[{"href":"https:\/\/wso-ornbau.de\/index.php?rest_route=%2Fwp%2Fv2%2Fmedia&parent=643"}],"curies":[{"name":"wp","href":"https:\/\/api.w.org\/{rel}","templated":true}]}}