{"id":538,"date":"2019-06-28T12:22:27","date_gmt":"2019-06-28T10:22:27","guid":{"rendered":"https:\/\/wsoornbau.wordpress.com\/?page_id=538"},"modified":"2025-09-15T04:32:54","modified_gmt":"2025-09-15T04:32:54","slug":"vereinsheim","status":"publish","type":"page","link":"https:\/\/wso-ornbau.de\/?page_id=538","title":{"rendered":"Seglerheim und Termin"},"content":{"rendered":"<p><img loading=\"lazy\" decoding=\"async\" class=\"alignnone size-full wp-image-505\" src=\"https:\/\/wsoornbau.files.wordpress.com\/2019\/06\/img_20170924_095452.jpg\" alt=\"IMG_20170924_095452\" width=\"4160\" height=\"2336\" srcset=\"https:\/\/wso-ornbau.de\/wp-content\/uploads\/2019\/06\/img_20170924_095452.jpg 4160w, https:\/\/wso-ornbau.de\/wp-content\/uploads\/2019\/06\/img_20170924_095452-300x168.jpg 300w, https:\/\/wso-ornbau.de\/wp-content\/uploads\/2019\/06\/img_20170924_095452-768x431.jpg 768w, https:\/\/wso-ornbau.de\/wp-content\/uploads\/2019\/06\/img_20170924_095452-1024x575.jpg 1024w, https:\/\/wso-ornbau.de\/wp-content\/uploads\/2019\/06\/img_20170924_095452-1200x674.jpg 1200w\" sizes=\"auto, (max-width: 4160px) 100vw, 4160px\" \/><\/p>\n<p>&nbsp;<\/p>\n<p>Die Lage unseres Vereinsheimes geh\u00f6rt zu den sch\u00f6nsten am Altm\u00fchlsee.<\/p>\n<p>Wir teilen dieses mit unseren Freunden vom SSCAA und SSCW.<\/p>\n\n\n<iframe loading=\"lazy\" src=\"https:\/\/calendar.google.com\/calendar\/embed?height=600&#038;wkst=2&#038;bgcolor=%23ffffff&#038;ctz=Europe%2FBerlin&#038;showTz=0&#038;showPrint=0&#038;showTitle=0&#038;showCalendars=1&#038;mode=AGENDA&#038;showDate=1&#038;showNav=1&#038;title=Events%20Segelzentrum%20Wald&#038;src=c3Njd2FsdG11ZWhsc2VlQGdtYWlsLmNvbQ&#038;color=%23039BE5\" style=\"border-width:0\" width=\"800\" height=\"600\" frameborder=\"0\" scrolling=\"no\"><\/iframe>\n\n\n\n<p><\/p>\n","protected":false},"excerpt":{"rendered":"<p>&nbsp; Die Lage unseres Vereinsheimes geh\u00f6rt zu den sch\u00f6nsten am Altm\u00fchlsee. Wir teilen dieses mit unseren Freunden vom SSCAA und SSCW.<\/p>\n","protected":false},"author":1,"featured_media":0,"parent":0,"menu_order":0,"comment_status":"closed","ping_status":"closed","template":"","meta":{"ngg_post_thumbnail":0,"footnotes":""},"class_list":["post-538","page","type-page","status-publish","hentry"],"_links":{"self":[{"href":"https:\/\/wso-ornbau.de\/index.php?rest_route=\/wp\/v2\/pages\/538","targetHints":{"allow":["GET"]}}],"collection":[{"href":"https:\/\/wso-ornbau.de\/index.php?rest_route=\/wp\/v2\/pages"}],"about":[{"href":"https:\/\/wso-ornbau.de\/index.php?rest_route=\/wp\/v2\/types\/page"}],"author":[{"embeddable":true,"href":"https:\/\/wso-ornbau.de\/index.php?rest_route=\/wp\/v2\/users\/1"}],"replies":[{"embeddable":true,"href":"https:\/\/wso-ornbau.de\/index.php?rest_route=%2Fwp%2Fv2%2Fcomments&post=538"}],"version-history":[{"count":9,"href":"https:\/\/wso-ornbau.de\/index.php?rest_route=\/wp\/v2\/pages\/538\/revisions"}],"predecessor-version":[{"id":2123,"href":"https:\/\/wso-ornbau.de\/index.php?rest_route=\/wp\/v2\/pages\/538\/revisions\/2123"}],"wp:attachment":[{"href":"https:\/\/wso-ornbau.de\/index.php?rest_route=%2Fwp%2Fv2%2Fmedia&parent=538"}],"curies":[{"name":"wp","href":"https:\/\/api.w.org\/{rel}","templated":true}]}}