{"id":372,"date":"2019-04-16T15:20:57","date_gmt":"2019-04-16T14:20:57","guid":{"rendered":"https:\/\/wsoornbau.wordpress.com\/?page_id=372"},"modified":"2022-03-17T11:43:07","modified_gmt":"2022-03-17T11:43:07","slug":"datenschutzerklaerung","status":"publish","type":"page","link":"https:\/\/wso-ornbau.de\/?page_id=372","title":{"rendered":"Datenschutz-erkl\u00e4rung"},"content":{"rendered":"<h3>Datenschutzerkl\u00e4rung &#8211; Informationen nach DS-GVO<\/h3>\n<p>Wir freuen uns \u00fcber Ihr Interesse an unserer Webseite. Der Schutz Ihrer Privatsph\u00e4re ist f\u00fcr uns sehr wichtig. Nachstehend informieren wir Sie ausf\u00fchrlich \u00fcber den Umgang mit Ihren Daten.<\/p>\n<p><strong>Information \u00fcber die Erhebung personenbezogener Daten<\/strong><br \/>\nIm Folgenden informieren wir \u00fcber die Erhebung personenbezogener Daten bei Nutzung unserer Website. Personenbezogene Daten sind alle Daten, die auf Sie pers\u00f6nlich beziehbar sind, z. B. Name, Adresse, E-Mail-Adressen, Nutzerverhalten.<\/p>\n<p>Verantwortliche Stelle gem. Art. 4 Abs. 7 EU-Datenschutz-Grundverordnung (DS-GVO) ist der Wassersportverein Ornbau e.V. , vertreten durch:<\/p>\n<p>Stefan L\u00e4rtz<br \/>\nBischof-Zottmann-Stra\u00dfe 20<br \/>\n91737 Ornbau<br \/>\nTelefon: 09826\/621818<br \/>\nE-Mail: vorstand.wso@gmail.com<\/p>\n<p>Ihre Fragen und Anregungen zum Thema Datenschutz sind uns sehr willkommen und wichtig. Sie k\u00f6nnen uns jederzeit gerne kontaktieren. Bitte wenden Sie sich dazu an unseren Vorstand Herrn L\u00e4rtz.<br \/>\n<strong>Ihre Rechte<\/strong><br \/>\nSie haben gegen\u00fcber uns folgende Rechte hinsichtlich der Sie betreffenden personenbezogenen Daten:<\/p>\n<p style=\"padding-left: 30px;\">Recht auf Auskunft,<br \/>\nRecht auf Berichtigung oder L\u00f6schung,<br \/>\nRecht auf Einschr\u00e4nkung der Verarbeitung,<br \/>\nRecht auf Widerspruch gegen die Verarbeitung,<br \/>\nRecht auf Daten\u00fcbertragbarkeit.<\/p>\n<p><strong>Beschwerderecht bei der zust\u00e4ndigen Aufsichtsbeh\u00f6rde<\/strong><br \/>\nIm Falle datenschutzrechtlicher Verst\u00f6\u00dfe steht dem Betroffenen ein Beschwerderecht bei der zust\u00e4ndigen Aufsichtsbeh\u00f6rde zu. Zust\u00e4ndige Aufsichtsbeh\u00f6rde in datenschutzrechtlichen Fragen ist der Landesdatenschutzbeauftragte des Bundeslandes, in dem unser Unternehmen seinen Sitz hat. Eine Liste der Datenschutzbeauftragten sowie deren Kontaktdaten k\u00f6nnen folgendem Link entnommen werden: https:\/\/www.bfdi.bund.de\/DE\/Infothek\/Anschriften_Links\/anschriften_links-node.html.<\/p>\n<p><strong>Datenerhebung und Protokollierung<\/strong><br \/>\nBei der blo\u00df informatorischen Nutzung der Website, also wenn Sie sich nicht registrieren oder uns anderweitig Informationen \u00fcbermitteln, erheben wir nur die personenbezogenen Daten, die Ihr Browser an unseren Server \u00fcbermittelt. Wenn Sie unsere Website betrachten m\u00f6chten, erheben wir die folgenden Daten, die f\u00fcr uns technisch erforderlich sind, um Ihnen unsere Website anzuzeigen und die Stabilit\u00e4t und Sicherheit zu gew\u00e4hrleisten (Rechtsgrundlage ist Art. 6 Abs. 1 S. 1 lit. f DS-GVO):<br \/>\nDatum und Uhrzeit der Anforderung<br \/>\nName der angeforderten Datei<br \/>\nSeite, von der aus die Datei angefordert wurde<br \/>\nZugriffsstaus (Datei \u00fcbertragen, Datei nicht gefunden, etc.)<br \/>\nBrowser (Optimierung der Darstellung)<br \/>\nSprache und verwendete Webbrowsersoftware<br \/>\nverwendetes Betriebssystem<br \/>\nvollst\u00e4ndige IP-Adresse des anfordernden Rechner<br \/>\n\u00fcbertragene Datenmenge<\/p>\n<p>Aus Gr\u00fcnden der technischen Sicherheit, insbesondere zur Abwehr von Angriffsversuchen auf unseren Webserver, werden diese Daten von uns kurzzeitig gespeichert. Ein R\u00fcckschluss auf einzelne Personen ist uns anhand dieser Daten nicht m\u00f6glich. In anonymisierter Form werden die Daten daneben zu internen statistischen Zwecken verarbeitet; ein Abgleich mit anderen Datenbest\u00e4nden oder eine Weitergabe an Dritte, auch in Ausz\u00fcgen, findet nicht statt.<\/p>\n<p><strong>Erhebung weiterer Daten<\/strong><br \/>\nEs findet keine dar\u00fcber hinausgehende Datenerhebung statt. Soweit Sie sich per E-Mail an uns wenden, werden wir Ihre personenbezogenen Daten allein zum Zweck der Bearbeitung Ihrer Anfrage bzw. Beschwerde erheben, verarbeiten und nutzen.<\/p>\n<p><strong>Allgemeine rechtliche Informationen<\/strong><br \/>\nWir verweisen gelegentlich auf die Webseiten Dritter. Obwohl wir diese Dritten sorgf\u00e4ltig aussuchen, k\u00f6nnen wir keine Gew\u00e4hr und Haftung f\u00fcr die Richtigkeit bzw. Vollst\u00e4ndigkeit der Inhalte und die Datensicherheit von Websites Dritter \u00fcbernehmen. Auch gilt diese Datenschutzerkl\u00e4rung nicht f\u00fcr verlinkte Webseiten Dritter. Soweit mit der Nutzung der Internetseiten anderer Anbieter die Erhebung, Verarbeitung oder Nutzung personenbezogener Daten verbunden ist, beachten Sie bitte die Datenschutzhinweise der jeweiligen Anbieter.<\/p>\n<p>Alle auf dieser Website enthaltenen Informationen wurden mit gro\u00dfer Sorgfalt gepr\u00fcft. Wir \u00fcbernehmen jedoch keine Gew\u00e4hr daf\u00fcr, dass die Inhalte unserer eigenen Webseiten jederzeit korrekt, vollst\u00e4ndig und auf dem neuesten Stand sind.<\/p>\n<p><strong>Informationen zur Datensicherheit<\/strong><br \/>\nWir sichern unsere Webseite und sonstigen Systeme durch technische und organisatorische Ma\u00dfnahmen gegen Verlust, Zerst\u00f6rung, Zugriff, Ver\u00e4nderung oder Verbreitung Ihrer Daten durch unbefugte Personen. Trotz regelm\u00e4\u00dfiger Kontrollen ist ein vollst\u00e4ndiger Schutz gegen alle Gefahren jedoch nicht m\u00f6glich.<\/p>\n<p><strong>Cookies<\/strong><br \/>\nCookies sind kleine Textdateien, die auf dem PC des Internet-Nutzers abgelegt werden. Zweck ist z.B. die Steuerung der Verbindung w\u00e4hrend Ihres Besuchs auf Webseiten, Gr\u00f6\u00dfe der Schriftarten, etc. Sie beinhalten rein technische Informationen, keine pers\u00f6nlichen Daten.<\/p>\n<p>Beim Zugriff auf dieses Internetangebot wird von uns ein Session-Cookie auf Ihrer Festplatte gespeichert, das f\u00fcr die Dauer Ihres Besuches auf der Internetseite g\u00fcltig ist.<br \/>\nDurch das Best\u00e4tigung des Cookie-Hinweises wird ein weiteres Cookie gespeichert, das f\u00fcr die Dauer von einem Jahr g\u00fcltig ist.<br \/>\nDie meisten Browser sind so eingestellt, dass sie die Verwendung von Cookies akzeptieren, diese Funktion kann aber durch die Einstellung des Internetbrowsers von Ihnen f\u00fcr die laufende Sitzung oder dauerhaft abgeschaltet werden.<\/p>\n<p>Folgende Dienste sind allerdings nur benutzerfreundlich nutzbar, wenn Sie uns die M\u00f6glichkeit zur Speicherung von Cookies geben:<\/p>\n<p><strong>Aktive Komponenten:<\/strong><br \/>\nIm Informationsangebot der Webseite der WSO-Ornbau k\u00f6nnen aktive Komponenten wie Javascript, Java-Applets oder Active-X-Controls verwendet werden. F\u00fcr die Bereitstellung der Suchfunktion wird JavaScript ben\u00f6tigt.<br \/>\nSollten Sie JavaScript, in Ihrem Internetbrowser deaktiviert haben, so stehen Ihnen diese Funktionalit\u00e4ten nicht oder nur in beschr\u00e4nktem Umfang zur Verf\u00fcgung; eine Nutzung unserer Webseite ist dennoch m\u00f6glich. Auch Java-Applets oder Active-X-Controls k\u00f6nnen Sie in Ihrem Browser deaktivieren.<\/p>\n<p><strong>Webtracking-Verfahren (Reichweitenmessung)<\/strong><br \/>\nAnalyse-Programme und andere Techniken zur Auswertung Ihres Nutzungsverhaltens werden auf unserer Webseite nicht eingesetzt.<\/p>\n<p><strong>Sichere Daten\u00fcbertragung<\/strong><br \/>\nAls Transportverschl\u00fcsselung bieten wir f\u00fcr unseren Webauftritt HTTPS mit Let\u00b4s Encrypt an. Wir empfehlen Ihnen, Ihren Internetbrowser auf dem aktuellen Stand zu halten, so dass f\u00fcr eine sichere \u00dcbertragung Ihrer Daten auf dem Transportweg gesorgt ist.<\/p>\n<p><strong>Elektronische Post (E-Mail)<\/strong><br \/>\nInformationen, die Sie unverschl\u00fcsselt per Elektronische Post (E-Mail) an uns senden, k\u00f6nnen m\u00f6glicherweise auf dem \u00dcbertragungsweg von Dritten gelesen werden. Wir k\u00f6nnen in der Regel auch Ihre Identit\u00e4t nicht \u00fcberpr\u00fcfen und wissen nicht, wer sich hinter einer E-Mail-Adresse verbirgt. Eine rechtssichere Kommunikation durch einfache E-Mail ist daher nicht gew\u00e4hrleistet. Wir setzen &#8211; wie viele E-Mail-Anbieter &#8211; Filter gegen unerw\u00fcnschte Werbung (\u201eSPAM-Filter\u201c) ein, die in seltenen F\u00e4llen auch normale E-Mails f\u00e4lschlicherweise automatisch als unerw\u00fcnschte Werbung einordnen und l\u00f6schen. E-Mails, die sch\u00e4digende Programme (\u201eViren\u201c) enthalten, werden von uns in jedem Fall automatisch gel\u00f6scht.<\/p>\n<p>Wenn Sie schutzw\u00fcrdige Nachrichten an uns senden wollen, empfehlen wir, diese zu verschl\u00fcsseln und zu signieren, um eine unbefugte Kenntnisnahme und Verf\u00e4lschung auf dem \u00dcbertragungsweg zu verhindern oder die Nachricht auf konventionellem Postwege an uns zu senden.<\/p>\n<p>Bitte teilen Sie uns auch mit, ob und auf welche Weise wir Ihnen zur Beantwortung Ihrer Zusendungen verschl\u00fcsselte E-Mails \u00fcbersenden k\u00f6nnen und ob Sie \u2013 falls dies nicht m\u00f6glich ist \u2013 mit einer unverschl\u00fcsselten Antwort per E-Mail auf Ihr Schreiben einverstanden sind. Wenn Sie \u00fcber keine M\u00f6glichkeit zum Empfang verschl\u00fcsselter E-Mails verf\u00fcgen, bitten wir uns zur Beantwortung Ihrer schutzw\u00fcrdiger Nachrichten Ihre Postanschrift zu nennen.<\/p>\n<p><strong>Bestandsdaten<\/strong><br \/>\nSofern zwischen Ihnen und uns ein Vertragsverh\u00e4ltnis begr\u00fcndet, inhaltlich ausgestaltet oder ge\u00e4ndert werden soll, erheben und verwenden wir personenbezogene Daten von Ihnen, soweit dies zu diesen Zwecken erforderlich ist.<br \/>\nAuf Anordnung der zust\u00e4ndigen Stellen d\u00fcrfen wir im Einzelfall Auskunft \u00fcber diese Daten (Bestandsdaten) erteilen, soweit dies f\u00fcr Zwecke der Strafverfolgung, zur Gefahrenabwehr, zur Erf\u00fcllung der gesetzlichen Aufgaben der Verfassungsschutzbeh\u00f6rden oder des Milit\u00e4rischen Abschirmdienstes oder zur Durchsetzung der Rechte am geistigen Eigentum erforderlich ist.<\/p>\n<p>Auf dieser Webseite ist das Wetter Widget der Windfinder.com GmbH &amp; Co.KG eingebunden. Zur Darstellung der Wetterdaten wird Ihre IP-Adresse an Windfinder.com GmbH &amp; Co.KG \u00fcbertragen. Weitere personenbezogene Daten werden nicht \u00fcbermittelt. Ihre IP-Adresse wird von Windfinder.com GmbH &amp; Co.KG aus technischen Gr\u00fcnden protokolliert und nach 7 Tagen gel\u00f6scht.<\/p>\n","protected":false},"excerpt":{"rendered":"<p>Datenschutzerkl\u00e4rung &#8211; Informationen nach DS-GVO Wir freuen uns \u00fcber Ihr Interesse an unserer Webseite. Der Schutz Ihrer Privatsph\u00e4re ist f\u00fcr uns sehr wichtig. Nachstehend informieren wir Sie ausf\u00fchrlich \u00fcber den Umgang mit Ihren Daten. Information \u00fcber die Erhebung personenbezogener Daten Im Folgenden informieren wir \u00fcber die Erhebung personenbezogener Daten bei Nutzung unserer Website. Personenbezogene Daten &hellip; <a href=\"https:\/\/wso-ornbau.de\/?page_id=372\" class=\"more-link\"><span class=\"screen-reader-text\">Datenschutz-erkl\u00e4rung<\/span> weiterlesen <span class=\"meta-nav\">&rarr;<\/span><\/a><\/p>\n","protected":false},"author":1,"featured_media":0,"parent":0,"menu_order":0,"comment_status":"closed","ping_status":"closed","template":"","meta":{"ngg_post_thumbnail":0,"footnotes":""},"class_list":["post-372","page","type-page","status-publish","hentry"],"_links":{"self":[{"href":"https:\/\/wso-ornbau.de\/index.php?rest_route=\/wp\/v2\/pages\/372","targetHints":{"allow":["GET"]}}],"collection":[{"href":"https:\/\/wso-ornbau.de\/index.php?rest_route=\/wp\/v2\/pages"}],"about":[{"href":"https:\/\/wso-ornbau.de\/index.php?rest_route=\/wp\/v2\/types\/page"}],"author":[{"embeddable":true,"href":"https:\/\/wso-ornbau.de\/index.php?rest_route=\/wp\/v2\/users\/1"}],"replies":[{"embeddable":true,"href":"https:\/\/wso-ornbau.de\/index.php?rest_route=%2Fwp%2Fv2%2Fcomments&post=372"}],"version-history":[{"count":3,"href":"https:\/\/wso-ornbau.de\/index.php?rest_route=\/wp\/v2\/pages\/372\/revisions"}],"predecessor-version":[{"id":1215,"href":"https:\/\/wso-ornbau.de\/index.php?rest_route=\/wp\/v2\/pages\/372\/revisions\/1215"}],"wp:attachment":[{"href":"https:\/\/wso-ornbau.de\/index.php?rest_route=%2Fwp%2Fv2%2Fmedia&parent=372"}],"curies":[{"name":"wp","href":"https:\/\/api.w.org\/{rel}","templated":true}]}}