{"id":106,"date":"2018-03-14T18:13:31","date_gmt":"2018-03-14T17:13:31","guid":{"rendered":"https:\/\/wsoornbau.wordpress.com\/?page_id=106"},"modified":"2018-03-14T18:13:31","modified_gmt":"2018-03-14T17:13:31","slug":"ueber-uns","status":"publish","type":"page","link":"https:\/\/wso-ornbau.de\/?page_id=106","title":{"rendered":"\u00dcber uns"},"content":{"rendered":"<h3 style=\"text-align:justify;\"><strong>Wassersportverein Ornbau e.V.<\/strong><\/h3>\n<p style=\"text-align:justify;\"><img loading=\"lazy\" decoding=\"async\" class=\"alignleft size-full wp-image-592\" src=\"https:\/\/wsoornbau.files.wordpress.com\/2019\/06\/k3px5655.jpg?w=195\" alt=\"K3PX5655.JPG\" width=\"195\" height=\"130\" srcset=\"https:\/\/wso-ornbau.de\/wp-content\/uploads\/2019\/06\/k3px5655.jpg 4608w, https:\/\/wso-ornbau.de\/wp-content\/uploads\/2019\/06\/k3px5655-300x200.jpg 300w, https:\/\/wso-ornbau.de\/wp-content\/uploads\/2019\/06\/k3px5655-768x512.jpg 768w, https:\/\/wso-ornbau.de\/wp-content\/uploads\/2019\/06\/k3px5655-1024x683.jpg 1024w, https:\/\/wso-ornbau.de\/wp-content\/uploads\/2019\/06\/k3px5655-1200x800.jpg 1200w\" sizes=\"auto, (max-width: 195px) 100vw, 195px\" \/>Gegr\u00fcndet wurde der Wassersport Ornbau (WSO) im Jahre 1980 &#8211; also noch vor der Existenz des Altm\u00fchlsees &#8211; der nunmehr zu unserer &#8222;maritimen&#8220; Heimat geworden ist. Mittlerweile z\u00e4hlt unser Verein etwa 150 Mitglieder und ist einer der aktivsten Vereine im fr\u00e4nkischen Seenland. Seine besondere Aufgabe sieht er in der F\u00f6rderung des naturvertr\u00e4glichen Breitensegelns, der Nachwuchsf\u00f6rderung, dem sportlichen Regattasegeln und einem geselligen Vereinsleben.<\/p>\n<p style=\"text-align:justify;\">Neben Segeln mit vereinseigenen Booten bieten wir unseren Mitglieder auch die M\u00f6glichkeit zum Surfen und Stand-Up-Paddeln<\/p>\n<p style=\"text-align:justify;\">Bereits 1996 und 2000 wurde ein Deutschland-, 2003 und 2017 sogar ein Euro-Cup der Shark24 Klasse mit Fighter Besten- Ermittlung erfolgreich vom WSO ausgerichtet. Die sportlichen und gesellschaftlichen Highlights dieser Veranstaltungen stellten den Altm\u00fchlsee f\u00fcr eine Woche in den Mittelpunkt der nationalen und internationalen Sharkszene. Das 1994 bezogene Vereinsheim in Wald am S\u00fcdufer des Altm\u00fchlsees bietet hierzu optimale Bedingungen.<\/p>\n<p style=\"text-align:justify;\">Neben dem Regattasegeln kommt aber auch das Fahrtensegeln nicht zu kurz. T\u00f6rns auf dem\u00a0Ijsselmeer, in der Adria, in Norwegens Fjorden und an der franz\u00f6sischen Atlantikk\u00fcste finden ebenso ihre Liebhaber, wie die unterschiedlichsten Binnenreviere Deutschlands und Europas.<\/p>\n<p style=\"text-align:justify;\">Aber auch die gesellschaftlichen wie der monatlichen Seglerhock im Seglerheim Wald oder Bootstaufen mit Neptun und Rasmus lassen das Skipperherz h\u00f6her schlagen!<\/p>\n<p style=\"text-align:justify;\">\n","protected":false},"excerpt":{"rendered":"<p>Wassersportverein Ornbau e.V. Gegr\u00fcndet wurde der Wassersport Ornbau (WSO) im Jahre 1980 &#8211; also noch vor der Existenz des Altm\u00fchlsees &#8211; der nunmehr zu unserer &#8222;maritimen&#8220; Heimat geworden ist. Mittlerweile z\u00e4hlt unser Verein etwa 150 Mitglieder und ist einer der aktivsten Vereine im fr\u00e4nkischen Seenland. Seine besondere Aufgabe sieht er in der F\u00f6rderung des naturvertr\u00e4glichen &hellip; <a href=\"https:\/\/wso-ornbau.de\/?page_id=106\" class=\"more-link\"><span class=\"screen-reader-text\">\u00dcber uns<\/span> weiterlesen <span class=\"meta-nav\">&rarr;<\/span><\/a><\/p>\n","protected":false},"author":1,"featured_media":0,"parent":0,"menu_order":0,"comment_status":"closed","ping_status":"closed","template":"","meta":{"ngg_post_thumbnail":0,"footnotes":""},"class_list":["post-106","page","type-page","status-publish","hentry"],"_links":{"self":[{"href":"https:\/\/wso-ornbau.de\/index.php?rest_route=\/wp\/v2\/pages\/106","targetHints":{"allow":["GET"]}}],"collection":[{"href":"https:\/\/wso-ornbau.de\/index.php?rest_route=\/wp\/v2\/pages"}],"about":[{"href":"https:\/\/wso-ornbau.de\/index.php?rest_route=\/wp\/v2\/types\/page"}],"author":[{"embeddable":true,"href":"https:\/\/wso-ornbau.de\/index.php?rest_route=\/wp\/v2\/users\/1"}],"replies":[{"embeddable":true,"href":"https:\/\/wso-ornbau.de\/index.php?rest_route=%2Fwp%2Fv2%2Fcomments&post=106"}],"version-history":[{"count":0,"href":"https:\/\/wso-ornbau.de\/index.php?rest_route=\/wp\/v2\/pages\/106\/revisions"}],"wp:attachment":[{"href":"https:\/\/wso-ornbau.de\/index.php?rest_route=%2Fwp%2Fv2%2Fmedia&parent=106"}],"curies":[{"name":"wp","href":"https:\/\/api.w.org\/{rel}","templated":true}]}}